{"id":859,"date":"2022-02-10T08:43:45","date_gmt":"2022-02-10T08:43:45","guid":{"rendered":"http:\/\/jordil3.sg-host.com\/politica-de-privacitat\/"},"modified":"2026-04-21T19:45:39","modified_gmt":"2026-04-21T19:45:39","slug":"politica-de-privacitat","status":"publish","type":"page","link":"https:\/\/www.tega.es\/ca\/politica-de-privacitat\/","title":{"rendered":"Pol\u00edtica de privacitat"},"content":{"rendered":"<p>[et_pb_section fb_built=&#8221;1&#8243; _builder_version=&#8221;4.16&#8243; _module_preset=&#8221;default&#8221; background_image=&#8221;https:\/\/www.tega.es\/wp-content\/uploads\/2022\/02\/fondo_news.png&#8221; parallax=&#8221;on&#8221; global_colors_info=&#8221;{}&#8221;][et_pb_row _builder_version=&#8221;4.16&#8243; _module_preset=&#8221;default&#8221; global_colors_info=&#8221;{}&#8221;][et_pb_column type=&#8221;4_4&#8243; _builder_version=&#8221;4.16&#8243; _module_preset=&#8221;default&#8221; global_colors_info=&#8221;{}&#8221;][et_pb_text _builder_version=&#8221;4.17.0&#8243; _module_preset=&#8221;default&#8221; global_colors_info=&#8221;{}&#8221;]<\/p>\n<h3 style=\"text-align: justify;\">Pol\u00edtica de privacitat<\/h3>\n<p>[\/et_pb_text][et_pb_text _builder_version=&#8221;4.17.0&#8243; _module_preset=&#8221;default&#8221; custom_padding=&#8221;1px|||||&#8221; global_colors_info=&#8221;{}&#8221;]El TITULAR es reserva la facultat d\u2019incloure en un fitxer de dades de car\u00e0cter personal aquella informaci\u00f3 facilitada per l\u2019USUARI, complint amb les directrius marcades pel Reglament (UE) 2016\/679, de 27 d\u2019abril, relatiu a la protecci\u00f3 de les persones f\u00edsiques pel que fa al tractament de dades personals i a la lliure circulaci\u00f3 de les mateixes (RGPD); i a la Llei Org\u00e0nica 3\/2018, de 6 de desembre, de Protecci\u00f3 de Dades Personals i garantia dels drets digitals (LOPD-GDD). La finalitat d\u2019aquest fitxer ser\u00e0 la de prestar-li els nostres serveis i comunicar-nos amb vost\u00e8. Tamb\u00e9 s\u2019utilitzaran per enviar-li informaci\u00f3 comercial si aix\u00ed ho ha manifestat. Aquestes dades no es cediran a tercers excepte per obligaci\u00f3 legal o per donar compliment a l\u2019objecte d\u2019un contracte. L\u2019USUARI podr\u00e0 exercir els drets d\u2019acc\u00e9s, rectificaci\u00f3, cancel\u00b7laci\u00f3, supressi\u00f3, oposici\u00f3, limitaci\u00f3, i portabilitat, dirigint a l\u2019efecte un correu electr\u00f2nic a l\u2019adre\u00e7a tega@tega.es indicant la referencia RGPD. Pot consultar la resta d\u2019informaci\u00f3 relativa a la protecci\u00f3 de dades al web <a href=\"https:\/\/www.tega.es\/ca\/avis-legal\/\">www.tega.es\/avis-legal<\/a>[\/et_pb_text][\/et_pb_column][\/et_pb_row][\/et_pb_section]<\/p>\n","protected":false},"excerpt":{"rendered":"<p>Pol\u00edtica de privacitat El TITULAR es reserva la facultat d\u2019incloure en un fitxer de dades de car\u00e0cter personal aquella informaci\u00f3 facilitada per l\u2019USUARI, complint amb les directrius marcades pel Reglament (UE) 2016\/679, de 27 d\u2019abril, relatiu a la protecci\u00f3 de les persones f\u00edsiques pel que fa al tractament de dades personals i a la lliure [&hellip;]<\/p>\n","protected":false},"author":1,"featured_media":0,"parent":0,"menu_order":0,"comment_status":"closed","ping_status":"closed","template":"","meta":{"_et_pb_use_builder":"on","_et_pb_old_content":"","_et_gb_content_width":"","footnotes":""},"class_list":["post-859","page","type-page","status-publish","hentry"],"yoast_head":"<!-- This site is optimized with the Yoast SEO plugin v25.0 - https:\/\/yoast.com\/wordpress\/plugins\/seo\/ -->\n<title>Pol\u00edtica de privacitat - Tega Gesti\u00f3n Ambiental<\/title>\n<meta name=\"robots\" content=\"index, follow, max-snippet:-1, max-image-preview:large, max-video-preview:-1\" \/>\n<link rel=\"canonical\" href=\"https:\/\/www.tega.es\/ca\/politica-de-privacitat\/\" \/>\n<meta property=\"og:locale\" content=\"ca_ES\" \/>\n<meta property=\"og:type\" content=\"article\" \/>\n<meta property=\"og:title\" content=\"Pol\u00edtica de privacitat - Tega Gesti\u00f3n Ambiental\" \/>\n<meta property=\"og:description\" content=\"Pol\u00edtica de privacitat El TITULAR es reserva la facultat d\u2019incloure en un fitxer de dades de car\u00e0cter personal aquella informaci\u00f3 facilitada per l\u2019USUARI, complint amb les directrius marcades pel Reglament (UE) 2016\/679, de 27 d\u2019abril, relatiu a la protecci\u00f3 de les persones f\u00edsiques pel que fa al tractament de dades personals i a la lliure [&hellip;]\" \/>\n<meta property=\"og:url\" content=\"https:\/\/www.tega.es\/ca\/politica-de-privacitat\/\" \/>\n<meta property=\"og:site_name\" content=\"Tega Gesti\u00f3n Ambiental\" \/>\n<meta property=\"article:modified_time\" content=\"2026-04-21T19:45:39+00:00\" \/>\n<meta name=\"twitter:card\" content=\"summary_large_image\" \/>\n<meta name=\"twitter:label1\" content=\"Temps estimat de lectura\" \/>\n\t<meta name=\"twitter:data1\" content=\"1 minut\" \/>\n<script type=\"application\/ld+json\" class=\"yoast-schema-graph\">{\"@context\":\"https:\/\/schema.org\",\"@graph\":[{\"@type\":\"WebPage\",\"@id\":\"https:\/\/www.tega.es\/ca\/politica-de-privacitat\/\",\"url\":\"https:\/\/www.tega.es\/ca\/politica-de-privacitat\/\",\"name\":\"Pol\u00edtica de privacitat - Tega Gesti\u00f3n Ambiental\",\"isPartOf\":{\"@id\":\"https:\/\/www.tega.es\/ca\/#website\"},\"datePublished\":\"2022-02-10T08:43:45+00:00\",\"dateModified\":\"2026-04-21T19:45:39+00:00\",\"breadcrumb\":{\"@id\":\"https:\/\/www.tega.es\/ca\/politica-de-privacitat\/#breadcrumb\"},\"inLanguage\":\"ca\",\"potentialAction\":[{\"@type\":\"ReadAction\",\"target\":[\"https:\/\/www.tega.es\/ca\/politica-de-privacitat\/\"]}]},{\"@type\":\"BreadcrumbList\",\"@id\":\"https:\/\/www.tega.es\/ca\/politica-de-privacitat\/#breadcrumb\",\"itemListElement\":[{\"@type\":\"ListItem\",\"position\":1,\"name\":\"Portada\",\"item\":\"https:\/\/www.tega.es\/ca\/\"},{\"@type\":\"ListItem\",\"position\":2,\"name\":\"Pol\u00edtica de privacitat\"}]},{\"@type\":\"WebSite\",\"@id\":\"https:\/\/www.tega.es\/ca\/#website\",\"url\":\"https:\/\/www.tega.es\/ca\/\",\"name\":\"Tega Gesti\u00f3n Ambiental\",\"description\":\"Tratamiento y gesti\u00f3n de residuos\",\"publisher\":{\"@id\":\"https:\/\/www.tega.es\/ca\/#organization\"},\"potentialAction\":[{\"@type\":\"SearchAction\",\"target\":{\"@type\":\"EntryPoint\",\"urlTemplate\":\"https:\/\/www.tega.es\/ca\/?s={search_term_string}\"},\"query-input\":{\"@type\":\"PropertyValueSpecification\",\"valueRequired\":true,\"valueName\":\"search_term_string\"}}],\"inLanguage\":\"ca\"},{\"@type\":\"Organization\",\"@id\":\"https:\/\/www.tega.es\/ca\/#organization\",\"name\":\"TEGA\",\"url\":\"https:\/\/www.tega.es\/ca\/\",\"logo\":{\"@type\":\"ImageObject\",\"inLanguage\":\"ca\",\"@id\":\"https:\/\/www.tega.es\/ca\/#\/schema\/logo\/image\/\",\"url\":\"https:\/\/www.tega.es\/wp-content\/uploads\/2022\/02\/Logo_tega_ambiental.png\",\"contentUrl\":\"https:\/\/www.tega.es\/wp-content\/uploads\/2022\/02\/Logo_tega_ambiental.png\",\"width\":521,\"height\":192,\"caption\":\"TEGA\"},\"image\":{\"@id\":\"https:\/\/www.tega.es\/ca\/#\/schema\/logo\/image\/\"}}]}<\/script>\n<!-- \/ Yoast SEO plugin. -->","yoast_head_json":{"title":"Pol\u00edtica de privacitat - Tega Gesti\u00f3n Ambiental","robots":{"index":"index","follow":"follow","max-snippet":"max-snippet:-1","max-image-preview":"max-image-preview:large","max-video-preview":"max-video-preview:-1"},"canonical":"https:\/\/www.tega.es\/ca\/politica-de-privacitat\/","og_locale":"ca_ES","og_type":"article","og_title":"Pol\u00edtica de privacitat - Tega Gesti\u00f3n Ambiental","og_description":"Pol\u00edtica de privacitat El TITULAR es reserva la facultat d\u2019incloure en un fitxer de dades de car\u00e0cter personal aquella informaci\u00f3 facilitada per l\u2019USUARI, complint amb les directrius marcades pel Reglament (UE) 2016\/679, de 27 d\u2019abril, relatiu a la protecci\u00f3 de les persones f\u00edsiques pel que fa al tractament de dades personals i a la lliure [&hellip;]","og_url":"https:\/\/www.tega.es\/ca\/politica-de-privacitat\/","og_site_name":"Tega Gesti\u00f3n Ambiental","article_modified_time":"2026-04-21T19:45:39+00:00","twitter_card":"summary_large_image","twitter_misc":{"Temps estimat de lectura":"1 minut"},"schema":{"@context":"https:\/\/schema.org","@graph":[{"@type":"WebPage","@id":"https:\/\/www.tega.es\/ca\/politica-de-privacitat\/","url":"https:\/\/www.tega.es\/ca\/politica-de-privacitat\/","name":"Pol\u00edtica de privacitat - Tega Gesti\u00f3n Ambiental","isPartOf":{"@id":"https:\/\/www.tega.es\/ca\/#website"},"datePublished":"2022-02-10T08:43:45+00:00","dateModified":"2026-04-21T19:45:39+00:00","breadcrumb":{"@id":"https:\/\/www.tega.es\/ca\/politica-de-privacitat\/#breadcrumb"},"inLanguage":"ca","potentialAction":[{"@type":"ReadAction","target":["https:\/\/www.tega.es\/ca\/politica-de-privacitat\/"]}]},{"@type":"BreadcrumbList","@id":"https:\/\/www.tega.es\/ca\/politica-de-privacitat\/#breadcrumb","itemListElement":[{"@type":"ListItem","position":1,"name":"Portada","item":"https:\/\/www.tega.es\/ca\/"},{"@type":"ListItem","position":2,"name":"Pol\u00edtica de privacitat"}]},{"@type":"WebSite","@id":"https:\/\/www.tega.es\/ca\/#website","url":"https:\/\/www.tega.es\/ca\/","name":"Tega Gesti\u00f3n Ambiental","description":"Tratamiento y gesti\u00f3n de residuos","publisher":{"@id":"https:\/\/www.tega.es\/ca\/#organization"},"potentialAction":[{"@type":"SearchAction","target":{"@type":"EntryPoint","urlTemplate":"https:\/\/www.tega.es\/ca\/?s={search_term_string}"},"query-input":{"@type":"PropertyValueSpecification","valueRequired":true,"valueName":"search_term_string"}}],"inLanguage":"ca"},{"@type":"Organization","@id":"https:\/\/www.tega.es\/ca\/#organization","name":"TEGA","url":"https:\/\/www.tega.es\/ca\/","logo":{"@type":"ImageObject","inLanguage":"ca","@id":"https:\/\/www.tega.es\/ca\/#\/schema\/logo\/image\/","url":"https:\/\/www.tega.es\/wp-content\/uploads\/2022\/02\/Logo_tega_ambiental.png","contentUrl":"https:\/\/www.tega.es\/wp-content\/uploads\/2022\/02\/Logo_tega_ambiental.png","width":521,"height":192,"caption":"TEGA"},"image":{"@id":"https:\/\/www.tega.es\/ca\/#\/schema\/logo\/image\/"}}]}},"_links":{"self":[{"href":"https:\/\/www.tega.es\/ca\/wp-json\/wp\/v2\/pages\/859","targetHints":{"allow":["GET"]}}],"collection":[{"href":"https:\/\/www.tega.es\/ca\/wp-json\/wp\/v2\/pages"}],"about":[{"href":"https:\/\/www.tega.es\/ca\/wp-json\/wp\/v2\/types\/page"}],"author":[{"embeddable":true,"href":"https:\/\/www.tega.es\/ca\/wp-json\/wp\/v2\/users\/1"}],"replies":[{"embeddable":true,"href":"https:\/\/www.tega.es\/ca\/wp-json\/wp\/v2\/comments?post=859"}],"version-history":[{"count":7,"href":"https:\/\/www.tega.es\/ca\/wp-json\/wp\/v2\/pages\/859\/revisions"}],"predecessor-version":[{"id":107712,"href":"https:\/\/www.tega.es\/ca\/wp-json\/wp\/v2\/pages\/859\/revisions\/107712"}],"wp:attachment":[{"href":"https:\/\/www.tega.es\/ca\/wp-json\/wp\/v2\/media?parent=859"}],"curies":[{"name":"wp","href":"https:\/\/api.w.org\/{rel}","templated":true}]}}