{"id":743,"date":"2022-03-28T09:32:36","date_gmt":"2022-03-28T09:32:36","guid":{"rendered":"http:\/\/jordil3.sg-host.com\/avis-legal\/"},"modified":"2022-06-12T09:20:05","modified_gmt":"2022-06-12T09:20:05","slug":"avis-legal","status":"publish","type":"page","link":"https:\/\/www.tega.es\/ca\/avis-legal\/","title":{"rendered":"Av\u00eds legal"},"content":{"rendered":"<p>[et_pb_section fb_built=&#8221;1&#8243; _builder_version=&#8221;4.16&#8243; _module_preset=&#8221;default&#8221; custom_margin=&#8221;||0px||false|false&#8221; custom_padding=&#8221;||0px||false|false&#8221; global_colors_info=&#8221;{}&#8221;][et_pb_row _builder_version=&#8221;4.16&#8243; _module_preset=&#8221;default&#8221; custom_margin=&#8221;||0px||false|false&#8221; custom_padding=&#8221;||0px||false|false&#8221; global_colors_info=&#8221;{}&#8221;][et_pb_column type=&#8221;4_4&#8243; _builder_version=&#8221;4.16&#8243; _module_preset=&#8221;default&#8221; global_colors_info=&#8221;{}&#8221;][et_pb_text admin_label=&#8221;Texto&#8221; _builder_version=&#8221;4.16.0&#8243; _module_preset=&#8221;default&#8221; text_font=&#8221;Open Sans|700||on|||||&#8221; text_text_color=&#8221;#c1c1c1&#8243; text_font_size=&#8221;18px&#8221; text_line_height=&#8221;1.2em&#8221; text_orientation=&#8221;center&#8221; custom_margin=&#8221;||0px||false|false&#8221; custom_padding=&#8221;||10px||false|false&#8221; global_colors_info=&#8221;{}&#8221;]Grup Tega[\/et_pb_text][et_pb_text admin_label=&#8221;Tit&#8221; _builder_version=&#8221;4.16.0&#8243; _module_preset=&#8221;default&#8221; header_font=&#8221;|800||on|||||&#8221; header_text_align=&#8221;center&#8221; header_text_color=&#8221;#000000&#8243; header_font_size=&#8221;40px&#8221; module_alignment=&#8221;center&#8221; header_font_size_tablet=&#8221;35px&#8221; header_font_size_phone=&#8221;28px&#8221; header_font_size_last_edited=&#8221;on|tablet&#8221; global_colors_info=&#8221;{}&#8221;]<\/p>\n<h1>AV\u00cdS LEGAL<br \/>\nI CONDICIONS D\u2019\u00daS<\/h1>\n<p>[\/et_pb_text][\/et_pb_column][\/et_pb_row][\/et_pb_section][et_pb_section fb_built=&#8221;1&#8243; _builder_version=&#8221;4.16&#8243; _module_preset=&#8221;default&#8221; custom_margin=&#8221;0px||||false|false&#8221; custom_padding=&#8221;10px||18px||false|false&#8221; global_colors_info=&#8221;{}&#8221;][et_pb_row _builder_version=&#8221;4.16&#8243; _module_preset=&#8221;default&#8221; global_colors_info=&#8221;{}&#8221;][et_pb_column type=&#8221;4_4&#8243; _builder_version=&#8221;4.16&#8243; _module_preset=&#8221;default&#8221; global_colors_info=&#8221;{}&#8221;][et_pb_text _builder_version=&#8221;4.17.0&#8243; _module_preset=&#8221;default&#8221; header_2_font=&#8221;|700|||||||&#8221; header_2_line_height=&#8221;1.2em&#8221; header_3_text_color=&#8221;#4A9C2D&#8221; header_3_font_size=&#8221;23px&#8221; header_3_line_height=&#8221;1.7em&#8221; header_4_font=&#8221;|700|||||||&#8221; header_4_line_height=&#8221;1.3em&#8221; max_width=&#8221;710px&#8221; module_alignment=&#8221;center&#8221; global_colors_info=&#8221;{}&#8221;]<\/p>\n<h2>Condici\u00f3 d\u2019USUARI<\/h2>\n<p>L\u2019acc\u00e9s o \u00fas del lloc web <a href=\"https:\/\/www.tega.es\/ca\/\" target=\"_blank\" rel=\"noopener\">www.tega.es<\/a> implica tenir-ne la condici\u00f3 d\u2019USUARI i l\u2019acceptaci\u00f3 de les condicions generals d\u2019utilitzaci\u00f3, sense perjudici d\u2019aquelles condicions particulars que es puguin pactar individualment, que adquiriran tamb\u00e9 for\u00e7a obligat\u00f2ria entre les parts.<\/p>\n<h2>Condici\u00f3 de TITULAR<\/h2>\n<p>En compliment del que disposa l\u2019article 10 de la Llei 34\/2002, d\u201911 de juliol, de Serveis de la Societat de la Informaci\u00f3 i de Comer\u00e7 Electr\u00f2nic, es posa en coneixement dels USUARIS del web www.tega.es, de forma directa i gratu\u00efta, la seg\u00fcent informaci\u00f3, relativa al TITULAR del domini:<\/p>\n<ol>\n<li>Identitat: TEGA<\/li>\n<li>Adre\u00e7a: C\/ Ramon Casas, 7-9, 1r 1a \u2013 08100 Mollet del Vall\u00e8s (Oficines centrals)<\/li>\n<li>Tel\u00e8fon: 935 796 186<\/li>\n<li>Correu:  <a href=\"mailto:tega@tega.es\">tega@tega.es<\/a><\/li>\n<\/ol>\n<p><em>\u00a0<\/em><\/p>\n<p><em>Empresas del grupo:<\/em><\/p>\n<table style=\"height: 407px;\">\n<tbody>\n<tr style=\"height: 213px;\">\n<td style=\"height: 213px; width: 283px;\"><strong>TEGA GESTI\u00d3 AMBIENTAL SL<br \/>\n<\/strong>C\/ Ramon Casas, 7-9, 1e 1a<br \/>\n08100 Mollet del Vall\u00e8s<br \/>\nB61552360<br \/>\nInscrita al Registre Mercantil de Barcelona, volum 30422, foli 131, fulla 176126, inscripci\u00f3 1\u00aa.<\/td>\n<td style=\"height: 213px; width: 283px;\"><strong>TEGA ACTIVOS INDUSTRIALES SL<br \/>\n<\/strong>C\/ Newton, 9-11<br \/>\n08784 Piera<br \/>\nB63731814<br \/>\nInscrita al Registre Mercantil de Barcelona, volum 37234, foli 168, full 303824, inscripci\u00f3 1a.<strong>\u00a0<\/strong><\/td>\n<\/tr>\n<tr style=\"height: 194px;\">\n<td style=\"height: 194px; width: 283px;\"><strong>TEGA CRT SL<br \/>\n<\/strong>C\/ Sabadell, 7 (Pol. Ind. Jordi Camp)<br \/>\n08403 Granollers<br \/>\nB61552360<br \/>\nInscrita al Registre Mercantil de Barcelona, volum 46095, foli 47, fulla 509291, inscripci\u00f3 1\u00aa.<\/td>\n<td style=\"height: 194px; width: 283px;\"><strong>INOX TEGA 080 SL<br \/>\n<\/strong>C\/ Ramon Casas, 7-9, 1e 1a<br \/>\n08100 Mollet del Vall\u00e8s<br \/>\nB67516294<br \/>\nInscrita al Registre Mercantil de Barcelona, volum 4708, foli 67, fulla 540654, inscripci\u00f3 1\u00aa.<\/td>\n<\/tr>\n<\/tbody>\n<\/table>\n<p>&nbsp;<\/p>\n<h2>Objecte<\/h2>\n<p>A trav\u00e9s del web www.tega.es, el seu TITULAR, abans identificat, facilita als seus USUARIS l\u2019acc\u00e9s a informacions i la utilitzaci\u00f3 de diferents serveis posats a disposici\u00f3 tant per part del TITULAR com per part de tercers.<\/p>\n<h2>Condicions d\u2019\u00fas<\/h2>\n<p>L\u2019acc\u00e9s al web tindr\u00e0 car\u00e0cter gratu\u00eft, sense perjudici que algun dels serveis als quals es pot accedir estigui subjecte al pagament d\u2019un preu.<br \/>\nL\u2019USUARI assumeix la responsabilitat en l\u2019\u00fas del lloc web.<br \/>\nPer a fer \u00fas dels serveis, els menors d\u2019edat requeriran el perm\u00eds dels seus pares o tutors, els quals seran responsables dels actes duts a terme pels menors al seu c\u00e0rrec.<br \/>\nL\u2019USUARI es compromet a fer un \u00fas adequat dels continguts i serveis que ofereix www.tega.es, abstenint-se d\u2019utilitzar-los amb finalitats il\u00b7l\u00edcites o que contravinguin els interessos de tercers, siguin contraris als drets humans o provoquin danys en els sistemes del lloc o en els dels seus prove\u00efdors o tercers.<br \/>\nEl TITULAR disposa de la infraestructura necess\u00e0ria per a evitar danys derivats de l\u2019exist\u00e8ncia de virus inform\u00e0tics, malgrat que no es fa responsable dels danys potencials o errors que, a causa de la pres\u00e8ncia de qualsevol virus, pugui sofrir el sistema inform\u00e0tic de l\u2019USUARI quan aquest accedeixi a la p\u00e0gina web o la utilitzi.<br \/>\nEl TITULAR es reserva el dret d\u2019efectuar, sense previ av\u00eds, les modificacions que consideri oportunes al seu lloc web, podent canviar, suprimir i afegir tant els continguts i serveis que es presten, com la forma en qu\u00e8 aquests apareixen presentats o localitzats.<\/p>\n<h2>Propietat industrial i intel\u00b7lectual<\/h2>\n<p>Totes les marques, noms comercials o signes distintius de qualsevol classe que apareixen al web www.tega.es s\u00f3n propietat del TITULAR o de tercers, sense que pugui entendre\u2019s que l\u2019\u00fas o acc\u00e9s al web i\/o als serveis atribueixi a l\u2019USUARI cap tipus de dret sobre les marques, noms comercials o signes distintius.<br \/>\nIgualment, els continguts s\u00f3n propietat intel\u00b7lectual del TITULAR o de tercers, sense que puguin entendre\u2019s cedits a l\u2019USUARI, ni que aquest pugui fer-ne un \u00fas m\u00e9s enll\u00e0 de l\u2019estrictament necessari per a la utilitzaci\u00f3 correcta del lloc web.<br \/>\nAquesta cl\u00e0usula inclou, a t\u00edtol enunciatiu i no limitatiu: imatges, so, v\u00eddeo, programari, textos, marques, logotips, combinacions de colors, estructura i disseny, etc.<br \/>\nEn virtut del disposat en el Reial Decret Legislatiu 1\/1996, de 12 d\u2019abril, pel que s\u2019aprova el text ref\u00f3s de la Llei de Propietat Intel\u00b7lectual, queden expressament prohibides la reproducci\u00f3, distribuci\u00f3, i comunicaci\u00f3 p\u00fablica, inclosa la modalitat de posada a disposici\u00f3, de la totalitat o part dels continguts d\u2019aquesta p\u00e0gina web, amb finalitats comercials, en qualsevol suport i per qualsevol mitj\u00e0 t\u00e8cnic, sense l\u2019autoritzaci\u00f3 del TITULAR.<br \/>\nL\u2019USUARI s\u2019haur\u00e0 d\u2019abstenir de suprimir, alterar, eludir o manipular qualsevol<\/p>\n<h2>Protecci\u00f3 de dades de car\u00e0cter personal<\/h2>\n<p>El TITULAR es reserva la facultat d\u2019incloure en un fitxer de dades de car\u00e0cter personal aquella informaci\u00f3 facilitada per l\u2019USUARI, complint amb les directrius marcades pel Reglament (UE) 2016\/679, de 27 d\u2019abril, relatiu a la protecci\u00f3 de les persones f\u00edsiques pel que fa al tractament de dades personals i a la lliure circulaci\u00f3 de les mateixes (RGPD); i a la Llei Org\u00e0nica 3\/2018, de 5 de desembre, de Protecci\u00f3 de Dades Personals i garantia dels drets digitals (LOPD-GDD).<br \/>\nLa finalitat d&#8217;aquest fitxer ser\u00e0 la directament relacionada amb l&#8217;activitat empresarial. Aquestes dades no es cediran a tercers excepte per obligaci\u00f3 legal.<br \/>\nL\u2019USUARI podr\u00e0 exercir els drets d\u2019acc\u00e9s, rectificaci\u00f3, cancel\u00b7laci\u00f3, oposici\u00f3, supressi\u00f3, limitaci\u00f3 i portabilitat enviant un correu electr\u00f2nic a tega@tega.es indicant la refer\u00e8ncia RGPD.<\/p>\n<h3>Informaci\u00f3 addicional sobre Protecci\u00f3 de Dades:<\/h3>\n<h4>Responsable del tractament.<\/h4>\n<p>Identitat: TEGA<br \/>\nAdre\u00e7a: C\/ Ramon Casas, 7-9, 1r 1a \u2013 08100 Mollet del Vall\u00e8s (Oficines centrals)<br \/>\nTel\u00e8fon: 935 796 186<br \/>\nCorreu: tega@tega.es<\/p>\n<h5><em>Empreses del grup (corresponsables del tractament):<\/em><\/h5>\n<table style=\"height: 238px;\">\n<tbody>\n<tr style=\"height: 115px;\">\n<td style=\"height: 115px; width: 283px;\"><strong>TEGA GESTI\u00d3 AMBIENTAL SL<br \/>\n<\/strong>C\/ Ramon Casas, 7-9, 1\u00ba 1\u00aa<br \/>\n08100 Mollet del Vall\u00e8s<br \/>\nB61552360<\/td>\n<td style=\"height: 115px; width: 283px;\"><strong>TEGA ACTIVOS INDUSTRIALES SL<br \/>\n<\/strong>C\/ Newton, 9-11<br \/>\n08784 Piera<br \/>\nB63731814<\/td>\n<\/tr>\n<tr style=\"height: 123px;\">\n<td style=\"height: 123px; width: 283px;\"><strong>TEGA CRT SL<br \/>\n<\/strong>C\/ Sabadell, 7 (Pol. Ind. Jordi Camp)<br \/>\n08403 Granollers<br \/>\nB61552360<\/td>\n<td style=\"height: 123px; width: 283px;\"><strong>INOX TEGA 080 SL<br \/>\n<\/strong>C\/ Ramon Casas, 7-9, 1\u00ba 1\u00aa<br \/>\n08100 Mollet del Vall\u00e8s<br \/>\nB67516294<\/td>\n<\/tr>\n<\/tbody>\n<\/table>\n<p>&nbsp;<\/p>\n<h4>Finalitat del tractament de les dades.<\/h4>\n<p>Les dades personals que es puguin recollir per part del grup TEGA seran utilitzades per poder contactar-hi, oferir i prestar els serveis propis de l\u2019empresa.<br \/>\nEn cap cas s\u2019utilitzaran per cap altra finalitat que no s\u2019hagi especificat en aquest apartat; no seran utilitzades per a l\u2019enviament de publicitat, si aix\u00ed s\u2019ha manifestat; ni tampoc seran cedides a tercers.<br \/>\nLes dades personals proporcionades es conservaran per un per\u00edode de 10 anys, o b\u00e9 fins que expressament se sol\u00b7liciti la seva supressi\u00f3 per part de l&#8217;interessat. Aquest termini podr\u00e0 ser prorrogable t\u00e0citament per per\u00edodes anuals si no hi ha voluntat expressa d&#8217;alguna de les parts, amb un preav\u00eds d&#8217;un mes anterior al seu venciment. La conservaci\u00f3 de les dades es dur\u00e0 a terme sempre per als fins del seu tractament, sense perjudici de l&#8217;aplicaci\u00f3 de les mesures t\u00e8cniques i organitzatives apropiades per tal de protegir els drets i llibertats de la persona interessada.<br \/>\nLes dades seran tractades de tal manera que es garanteixi una seguretat adequada dels mateixos, inclosa la protecci\u00f3 contra el tractament no autoritzat o il\u00b7l\u00edcit i contra la seva p\u00e8rdua, destrucci\u00f3 o dany accidental, mitjan\u00e7ant l&#8217;aplicaci\u00f3 de mesures t\u00e8cniques o organitzatives apropiades.<\/p>\n<h4>Legitimaci\u00f3 del tractament de dades.<\/h4>\n<p>La legitimaci\u00f3 per a la finalitat principal es troba recollida en una de les bases jur\u00eddiques establertes al RGPD, concretament a l\u2019article 6.1.a), doncs grup TEGA sol\u00b7licita expressament el consentiment del l\u2019interessat per a qu\u00e8 les seves dades puguin ser tractades amb la finalitat prevista en el punt anterior.<\/p>\n<h4>Destinataris de les dades.<\/h4>\n<p>No es preveu que es cedeixin les dades recollides a tercers. S\u00ed que es cediran, per\u00f2, quan es tracti d\u2019una obligaci\u00f3 legal.<\/p>\n<h4>Exercici dels drets propis.<\/h4>\n<p>Es podran exercir, de manera gratu\u00efta, els drets d\u2019acc\u00e9s, rectificaci\u00f3, oposici\u00f3, supressi\u00f3, limitaci\u00f3, i portabilitat, enviant un correu electr\u00f2nic a tega@tega.es, acompanyat d\u2019una c\u00f2pia del DNI o document equivalent acreditatiu, o b\u00e9 dirigint-se a les oficines centrals del grup TEGA.<\/p>\n<h2>Xarxes socials<\/h2>\n<p>En el cas que el TITULAR tingui pres\u00e8ncia a les xarxes socials, el tractament de les dades que es realitzi de les persones que connectin amb el TITULAR a trav\u00e9s d\u2019aquests canals es regir\u00e0 igualment per aquestes condicions generals d\u2019\u00fas, sens perjudici d\u2019aquelles condicions espec\u00edfiques inherents a la xarxa social que correspongui.<\/p>\n<p>El TITULAR tractar\u00e0 les dades de l\u2019USUARI amb les finalitats d\u2019administrar correctament la seva pres\u00e8ncia a les xarxes socials, informar-lo d\u2019activitats, productes o serveis del TITULAR o de tercers que puguin estar relacionats amb la seva activitat, aix\u00ed com per a qualsevol altra finalitat que les normatives de les xarxes socials puguin permetre.<\/p>\n<h2>Exclusi\u00f3 de garanties i responsabilitat<\/h2>\n<p>El TITULAR no es fa responsable, en cap cas, dels danys i perjudicis de qualsevol classe que es poguessin ocasionar pel funcionament del lloc web, citant, a t\u00edtol merament enunciatiu: errors o omissions en els continguts, manca de disponibilitat del lloc, transmissi\u00f3 de virus o programes lesius en els continguts, malgrat haver adoptat totes les mesures tecnol\u00f2giques per evitar-ho.<\/p>\n<h2>Enlla\u00e7os<\/h2>\n<p>En cas que www.tega.es disposi d\u2019enlla\u00e7os a altres llocs d\u2019Internet, el TITULAR no exercir\u00e0 cap tipus de control sobre aquests llocs ni els seus continguts. En cap cas el TITULAR assumir\u00e0 cap responsabilitat pels continguts dels enlla\u00e7os pertanyents a llocs web aliens, ni en garantir\u00e0 la disponibilitat t\u00e8cnica, qualitat, fiabilitat, exactitud, amplitud, veracitat, validesa ni constitucionalitat de qualsevol material o informaci\u00f3 continguda en cap d\u2019aquests enlla\u00e7os o altres llocs d\u2019Internet. De la mateixa manera, l\u2019enlla\u00e7 d\u2019aquestes connexions externes no implicar\u00e0 cap tipus d\u2019associaci\u00f3, fusi\u00f3 o participaci\u00f3 amb les entitats connectades.<\/p>\n<h2>Vig\u00e8ncia i modificacions de les condicions generals d\u2019\u00fas<\/h2>\n<p>Aquestes condicions romandran en vigor de forma indefinida, sense perjudici de la seva modificaci\u00f3, que podr\u00e0 ser duta a terme pel TITULAR en qualsevol moment, essent degudament publicades al lloc web.<\/p>\n<h2>Jurisdicci\u00f3 i legislaci\u00f3 aplicable<\/h2>\n<p>Les relacions entre USUARI i TITULAR es regiran per la normativa estatal aplicable, sotmetent-se a la jurisdicci\u00f3 dels \u00f2rgans jurisdiccionals que corresponguin al domicili de l\u2019USUARI.[\/et_pb_text][\/et_pb_column][\/et_pb_row][\/et_pb_section]<\/p>\n","protected":false},"excerpt":{"rendered":"<p>Grup TegaAV\u00cdS LEGAL I CONDICIONS D\u2019\u00daSCondici\u00f3 d\u2019USUARI L\u2019acc\u00e9s o \u00fas del lloc web www.tega.es implica tenir-ne la condici\u00f3 d\u2019USUARI i l\u2019acceptaci\u00f3 de les condicions generals d\u2019utilitzaci\u00f3, sense perjudici d\u2019aquelles condicions particulars que es puguin pactar individualment, que adquiriran tamb\u00e9 for\u00e7a obligat\u00f2ria entre les parts. Condici\u00f3 de TITULAR En compliment del que disposa l\u2019article 10 de [&hellip;]<\/p>\n","protected":false},"author":2,"featured_media":0,"parent":0,"menu_order":0,"comment_status":"closed","ping_status":"closed","template":"","meta":{"_et_pb_use_builder":"on","_et_pb_old_content":"","_et_gb_content_width":"","footnotes":""},"class_list":["post-743","page","type-page","status-publish","hentry"],"yoast_head":"<!-- This site is optimized with the Yoast SEO plugin v25.0 - https:\/\/yoast.com\/wordpress\/plugins\/seo\/ -->\n<title>Av\u00eds legal - Tega Gesti\u00f3n Ambiental<\/title>\n<meta name=\"robots\" content=\"index, follow, max-snippet:-1, max-image-preview:large, max-video-preview:-1\" \/>\n<link rel=\"canonical\" href=\"https:\/\/www.tega.es\/ca\/avis-legal\/\" \/>\n<meta property=\"og:locale\" content=\"ca_ES\" \/>\n<meta property=\"og:type\" content=\"article\" \/>\n<meta property=\"og:title\" content=\"Av\u00eds legal - Tega Gesti\u00f3n Ambiental\" \/>\n<meta property=\"og:description\" content=\"Grup TegaAV\u00cdS LEGAL I CONDICIONS D\u2019\u00daSCondici\u00f3 d\u2019USUARI L\u2019acc\u00e9s o \u00fas del lloc web www.tega.es implica tenir-ne la condici\u00f3 d\u2019USUARI i l\u2019acceptaci\u00f3 de les condicions generals d\u2019utilitzaci\u00f3, sense perjudici d\u2019aquelles condicions particulars que es puguin pactar individualment, que adquiriran tamb\u00e9 for\u00e7a obligat\u00f2ria entre les parts. Condici\u00f3 de TITULAR En compliment del que disposa l\u2019article 10 de [&hellip;]\" \/>\n<meta property=\"og:url\" content=\"https:\/\/www.tega.es\/ca\/avis-legal\/\" \/>\n<meta property=\"og:site_name\" content=\"Tega Gesti\u00f3n Ambiental\" \/>\n<meta property=\"article:modified_time\" content=\"2022-06-12T09:20:05+00:00\" \/>\n<meta name=\"twitter:card\" content=\"summary_large_image\" \/>\n<meta name=\"twitter:label1\" content=\"Temps estimat de lectura\" \/>\n\t<meta name=\"twitter:data1\" content=\"10 minuts\" \/>\n<script type=\"application\/ld+json\" class=\"yoast-schema-graph\">{\"@context\":\"https:\/\/schema.org\",\"@graph\":[{\"@type\":\"WebPage\",\"@id\":\"https:\/\/www.tega.es\/ca\/avis-legal\/\",\"url\":\"https:\/\/www.tega.es\/ca\/avis-legal\/\",\"name\":\"Av\u00eds legal - Tega Gesti\u00f3n Ambiental\",\"isPartOf\":{\"@id\":\"https:\/\/www.tega.es\/ca\/#website\"},\"datePublished\":\"2022-03-28T09:32:36+00:00\",\"dateModified\":\"2022-06-12T09:20:05+00:00\",\"breadcrumb\":{\"@id\":\"https:\/\/www.tega.es\/ca\/avis-legal\/#breadcrumb\"},\"inLanguage\":\"ca\",\"potentialAction\":[{\"@type\":\"ReadAction\",\"target\":[\"https:\/\/www.tega.es\/ca\/avis-legal\/\"]}]},{\"@type\":\"BreadcrumbList\",\"@id\":\"https:\/\/www.tega.es\/ca\/avis-legal\/#breadcrumb\",\"itemListElement\":[{\"@type\":\"ListItem\",\"position\":1,\"name\":\"Portada\",\"item\":\"https:\/\/www.tega.es\/ca\/\"},{\"@type\":\"ListItem\",\"position\":2,\"name\":\"Av\u00eds legal\"}]},{\"@type\":\"WebSite\",\"@id\":\"https:\/\/www.tega.es\/ca\/#website\",\"url\":\"https:\/\/www.tega.es\/ca\/\",\"name\":\"Tega Gesti\u00f3n Ambiental\",\"description\":\"Tratamiento y gesti\u00f3n de residuos\",\"publisher\":{\"@id\":\"https:\/\/www.tega.es\/ca\/#organization\"},\"potentialAction\":[{\"@type\":\"SearchAction\",\"target\":{\"@type\":\"EntryPoint\",\"urlTemplate\":\"https:\/\/www.tega.es\/ca\/?s={search_term_string}\"},\"query-input\":{\"@type\":\"PropertyValueSpecification\",\"valueRequired\":true,\"valueName\":\"search_term_string\"}}],\"inLanguage\":\"ca\"},{\"@type\":\"Organization\",\"@id\":\"https:\/\/www.tega.es\/ca\/#organization\",\"name\":\"TEGA\",\"url\":\"https:\/\/www.tega.es\/ca\/\",\"logo\":{\"@type\":\"ImageObject\",\"inLanguage\":\"ca\",\"@id\":\"https:\/\/www.tega.es\/ca\/#\/schema\/logo\/image\/\",\"url\":\"https:\/\/www.tega.es\/wp-content\/uploads\/2022\/02\/Logo_tega_ambiental.png\",\"contentUrl\":\"https:\/\/www.tega.es\/wp-content\/uploads\/2022\/02\/Logo_tega_ambiental.png\",\"width\":521,\"height\":192,\"caption\":\"TEGA\"},\"image\":{\"@id\":\"https:\/\/www.tega.es\/ca\/#\/schema\/logo\/image\/\"}}]}<\/script>\n<!-- \/ Yoast SEO plugin. -->","yoast_head_json":{"title":"Av\u00eds legal - Tega Gesti\u00f3n Ambiental","robots":{"index":"index","follow":"follow","max-snippet":"max-snippet:-1","max-image-preview":"max-image-preview:large","max-video-preview":"max-video-preview:-1"},"canonical":"https:\/\/www.tega.es\/ca\/avis-legal\/","og_locale":"ca_ES","og_type":"article","og_title":"Av\u00eds legal - Tega Gesti\u00f3n Ambiental","og_description":"Grup TegaAV\u00cdS LEGAL I CONDICIONS D\u2019\u00daSCondici\u00f3 d\u2019USUARI L\u2019acc\u00e9s o \u00fas del lloc web www.tega.es implica tenir-ne la condici\u00f3 d\u2019USUARI i l\u2019acceptaci\u00f3 de les condicions generals d\u2019utilitzaci\u00f3, sense perjudici d\u2019aquelles condicions particulars que es puguin pactar individualment, que adquiriran tamb\u00e9 for\u00e7a obligat\u00f2ria entre les parts. Condici\u00f3 de TITULAR En compliment del que disposa l\u2019article 10 de [&hellip;]","og_url":"https:\/\/www.tega.es\/ca\/avis-legal\/","og_site_name":"Tega Gesti\u00f3n Ambiental","article_modified_time":"2022-06-12T09:20:05+00:00","twitter_card":"summary_large_image","twitter_misc":{"Temps estimat de lectura":"10 minuts"},"schema":{"@context":"https:\/\/schema.org","@graph":[{"@type":"WebPage","@id":"https:\/\/www.tega.es\/ca\/avis-legal\/","url":"https:\/\/www.tega.es\/ca\/avis-legal\/","name":"Av\u00eds legal - Tega Gesti\u00f3n Ambiental","isPartOf":{"@id":"https:\/\/www.tega.es\/ca\/#website"},"datePublished":"2022-03-28T09:32:36+00:00","dateModified":"2022-06-12T09:20:05+00:00","breadcrumb":{"@id":"https:\/\/www.tega.es\/ca\/avis-legal\/#breadcrumb"},"inLanguage":"ca","potentialAction":[{"@type":"ReadAction","target":["https:\/\/www.tega.es\/ca\/avis-legal\/"]}]},{"@type":"BreadcrumbList","@id":"https:\/\/www.tega.es\/ca\/avis-legal\/#breadcrumb","itemListElement":[{"@type":"ListItem","position":1,"name":"Portada","item":"https:\/\/www.tega.es\/ca\/"},{"@type":"ListItem","position":2,"name":"Av\u00eds legal"}]},{"@type":"WebSite","@id":"https:\/\/www.tega.es\/ca\/#website","url":"https:\/\/www.tega.es\/ca\/","name":"Tega Gesti\u00f3n Ambiental","description":"Tratamiento y gesti\u00f3n de residuos","publisher":{"@id":"https:\/\/www.tega.es\/ca\/#organization"},"potentialAction":[{"@type":"SearchAction","target":{"@type":"EntryPoint","urlTemplate":"https:\/\/www.tega.es\/ca\/?s={search_term_string}"},"query-input":{"@type":"PropertyValueSpecification","valueRequired":true,"valueName":"search_term_string"}}],"inLanguage":"ca"},{"@type":"Organization","@id":"https:\/\/www.tega.es\/ca\/#organization","name":"TEGA","url":"https:\/\/www.tega.es\/ca\/","logo":{"@type":"ImageObject","inLanguage":"ca","@id":"https:\/\/www.tega.es\/ca\/#\/schema\/logo\/image\/","url":"https:\/\/www.tega.es\/wp-content\/uploads\/2022\/02\/Logo_tega_ambiental.png","contentUrl":"https:\/\/www.tega.es\/wp-content\/uploads\/2022\/02\/Logo_tega_ambiental.png","width":521,"height":192,"caption":"TEGA"},"image":{"@id":"https:\/\/www.tega.es\/ca\/#\/schema\/logo\/image\/"}}]}},"_links":{"self":[{"href":"https:\/\/www.tega.es\/ca\/wp-json\/wp\/v2\/pages\/743","targetHints":{"allow":["GET"]}}],"collection":[{"href":"https:\/\/www.tega.es\/ca\/wp-json\/wp\/v2\/pages"}],"about":[{"href":"https:\/\/www.tega.es\/ca\/wp-json\/wp\/v2\/types\/page"}],"author":[{"embeddable":true,"href":"https:\/\/www.tega.es\/ca\/wp-json\/wp\/v2\/users\/2"}],"replies":[{"embeddable":true,"href":"https:\/\/www.tega.es\/ca\/wp-json\/wp\/v2\/comments?post=743"}],"version-history":[{"count":6,"href":"https:\/\/www.tega.es\/ca\/wp-json\/wp\/v2\/pages\/743\/revisions"}],"predecessor-version":[{"id":106631,"href":"https:\/\/www.tega.es\/ca\/wp-json\/wp\/v2\/pages\/743\/revisions\/106631"}],"wp:attachment":[{"href":"https:\/\/www.tega.es\/ca\/wp-json\/wp\/v2\/media?parent=743"}],"curies":[{"name":"wp","href":"https:\/\/api.w.org\/{rel}","templated":true}]}}