{"id":107702,"date":"2026-04-21T18:25:53","date_gmt":"2026-04-21T18:25:53","guid":{"rendered":"https:\/\/www.tega.es\/projecte-de-escissio-parcial-financera\/"},"modified":"2026-04-21T18:25:53","modified_gmt":"2026-04-21T18:25:53","slug":"projecte-de-escissio-parcial-financera","status":"publish","type":"page","link":"https:\/\/www.tega.es\/ca\/projecte-de-escissio-parcial-financera\/","title":{"rendered":"Projecte-de-escissi\u00f3-parcial-financera"},"content":{"rendered":"<p>[et_pb_section fb_built=&#8221;1&#8243; _builder_version=&#8221;4.16&#8243; _module_preset=&#8221;default&#8221; custom_margin=&#8221;||0px||false|false&#8221; custom_padding=&#8221;||0px||false|false&#8221; global_colors_info=&#8221;{}&#8221;][et_pb_row _builder_version=&#8221;4.16&#8243; _module_preset=&#8221;default&#8221; custom_margin=&#8221;||0px||false|false&#8221; custom_padding=&#8221;||0px||false|false&#8221; global_colors_info=&#8221;{}&#8221;][et_pb_column type=&#8221;4_4&#8243; _builder_version=&#8221;4.16&#8243; _module_preset=&#8221;default&#8221; global_colors_info=&#8221;{}&#8221;][et_pb_text admin_label=&#8221;Texto&#8221; _builder_version=&#8221;4.27.6&#8243; _module_preset=&#8221;default&#8221; text_font=&#8221;Open Sans|700||on|||||&#8221; text_text_color=&#8221;#c1c1c1&#8243; text_font_size=&#8221;18px&#8221; text_line_height=&#8221;1.2em&#8221; text_orientation=&#8221;center&#8221; custom_margin=&#8221;||0px||false|false&#8221; custom_padding=&#8221;||10px||false|false&#8221; global_colors_info=&#8221;{}&#8221;]<br \/>Grup Empresarial Tega<br \/>[\/et_pb_text][et_pb_text admin_label=&#8221;Tit&#8221; _builder_version=&#8221;4.16.0&#8243; _module_preset=&#8221;default&#8221; header_font=&#8221;|800||on|||||&#8221; header_text_align=&#8221;center&#8221; header_text_color=&#8221;#000000&#8243; header_font_size=&#8221;40px&#8221; module_alignment=&#8221;center&#8221; header_font_size_tablet=&#8221;35px&#8221; header_font_size_phone=&#8221;28px&#8221; header_font_size_last_edited=&#8221;on|tablet&#8221; global_colors_info=&#8221;{}&#8221;]<\/p>\n<p>Projecte d&#8217;escissi\u00f3 parcial financera<br \/>[\/et_pb_text][\/et_pb_column][\/et_pb_row][\/et_pb_section][et_pb_section fb_built=&#8221;1&#8243; _builder_version=&#8221;4.16&#8243; _module_preset=&#8221;default&#8221; custom_margin=&#8221;0px||||false|false&#8221; custom_padding=&#8221;10px||18px||false|false&#8221; global_colors_info=&#8221;{}&#8221;][et_pb_row _builder_version=&#8221;4.16&#8243; _module_preset=&#8221;default&#8221; global_colors_info=&#8221;{}&#8221;][et_pb_column type=&#8221;4_4&#8243; _builder_version=&#8221;4.16&#8243; _module_preset=&#8221;default&#8221; global_colors_info=&#8221;{}&#8221;][et_pb_text _builder_version=&#8221;4.27.6&#8243; _module_preset=&#8221;default&#8221; header_2_font=&#8221;|700|||||||&#8221; header_2_line_height=&#8221;1.2em&#8221; header_3_text_color=&#8221;#4A9C2D&#8221; header_3_font_size=&#8221;23px&#8221; header_3_line_height=&#8221;1.7em&#8221; header_4_font=&#8221;|700|||||||&#8221; header_4_line_height=&#8221;1.3em&#8221; max_width=&#8221;710px&#8221; module_alignment=&#8221;center&#8221; global_colors_info=&#8221;{}&#8221;]<\/p>\n<p>ANUNCI RELATIU AL PROJECTE COM\u00da D&#8217;ESCISSI\u00d3 PARCIAL FINANCERA<br \/>Es fa constar que, amb data 20 d&#8217;abril de 2026, els \u00f2rgans d&#8217;administraci\u00f3 de\u00a0TEGA GESTI\u00d3 AMBIENTAL, S.L., com a societat escindida, i de\u00a0GRUPO EMPRESARIAL TEGA, S.L., com a societat benefici\u00e0ria, han formulat el Projecte com\u00fa d&#8217;escissi\u00f3 parcial financera, que ser\u00e0 sotm\u00e8s a l&#8217;aprovaci\u00f3 del soci \u00fanic d&#8217;ambdues societats.<br \/>De conformitat amb el que disposa el Reial decret llei 5\/2023, de 28 de juny, s&#8217;informa el soci \u00fanic, els creditors i els representants dels treballadors de les societats intervinents, o, si no n&#8217;hi ha, els propis treballadors, que podran presentar a les societats, fins a cinc dies laborables abans de la data prevista per a l&#8217;adopci\u00f3 de les decisions socials, observacions relatives a l&#8217;esmentat Projecte.<br \/>Aix\u00ed mateix, es fa constar que el Projecte com\u00fa d&#8217;escissi\u00f3 i els altres documents exigits legalment, es troben publicats i a disposici\u00f3 dels interessats a la p\u00e0gina web corporativa de les societats intervinents (www.tega.es), en els termes previstos a l&#8217;article 7 del Reial decret llei 5\/2023.<br \/>Durant aquest per\u00edode, els interessats podran accedir a la documentaci\u00f3 indicada i obtenir, si s&#8217;escau, c\u00f2pia gratu\u00efta d&#8217;aquesta, en els termes previstos legalment.<br \/>[\/et_pb_text][et_pb_button button_url=&#8221;@ET-DC@eyJkeW5hbWljIjp0cnVlLCJjb250ZW50IjoicG9zdF9saW5rX3VybF9hdHRhY2htZW50Iiwic2V0dGluZ3MiOnsicG9zdF9pZCI6IjEwNzY4NSJ9fQ==@&#8221; url_new_window=&#8221;on&#8221; button_text=&#8221;Veure Projecte d&#8217;Escissi\u00f3 Parcial financera&#8221; button_alignment=&#8221;center&#8221; _builder_version=&#8221;4.27.6&#8243; _dynamic_attributes=&#8221;button_url&#8221; _module_preset=&#8221;default&#8221; global_colors_info=&#8221;{}&#8221;][\/et_pb_button][\/et_pb_column][\/et_pb_row][\/et_pb_section]<\/p>\n","protected":false},"excerpt":{"rendered":"<p>Grup Empresarial Tega Projecte d&#8217;escissi\u00f3 parcial financera ANUNCI RELATIU AL PROJECTE COM\u00da D&#8217;ESCISSI\u00d3 PARCIAL FINANCERAEs fa constar que, amb data 20 d&#8217;abril de 2026, els \u00f2rgans d&#8217;administraci\u00f3 de\u00a0TEGA GESTI\u00d3 AMBIENTAL, S.L., com a societat escindida, i de\u00a0GRUPO EMPRESARIAL TEGA, S.L., com a societat benefici\u00e0ria, han formulat el Projecte com\u00fa d&#8217;escissi\u00f3 parcial financera, que ser\u00e0 sotm\u00e8s [&hellip;]<\/p>\n","protected":false},"author":1,"featured_media":0,"parent":0,"menu_order":0,"comment_status":"closed","ping_status":"closed","template":"","meta":{"_et_pb_use_builder":"on","_et_pb_old_content":"","_et_gb_content_width":"","footnotes":""},"class_list":["post-107702","page","type-page","status-publish","hentry"],"yoast_head":"<!-- This site is optimized with the Yoast SEO plugin v25.0 - https:\/\/yoast.com\/wordpress\/plugins\/seo\/ -->\n<title>Projecte-de-escissi\u00f3-parcial-financera - Tega Gesti\u00f3n Ambiental<\/title>\n<meta name=\"robots\" content=\"index, follow, max-snippet:-1, max-image-preview:large, max-video-preview:-1\" \/>\n<link rel=\"canonical\" href=\"https:\/\/www.tega.es\/ca\/projecte-de-escissio-parcial-financera\/\" \/>\n<meta property=\"og:locale\" content=\"ca_ES\" \/>\n<meta property=\"og:type\" content=\"article\" \/>\n<meta property=\"og:title\" content=\"Projecte-de-escissi\u00f3-parcial-financera - Tega Gesti\u00f3n Ambiental\" \/>\n<meta property=\"og:description\" content=\"Grup Empresarial Tega Projecte d&#039;escissi\u00f3 parcial financera ANUNCI RELATIU AL PROJECTE COM\u00da D&#039;ESCISSI\u00d3 PARCIAL FINANCERAEs fa constar que, amb data 20 d&#039;abril de 2026, els \u00f2rgans d&#039;administraci\u00f3 de\u00a0TEGA GESTI\u00d3 AMBIENTAL, S.L., com a societat escindida, i de\u00a0GRUPO EMPRESARIAL TEGA, S.L., com a societat benefici\u00e0ria, han formulat el Projecte com\u00fa d&#039;escissi\u00f3 parcial financera, que ser\u00e0 sotm\u00e8s [&hellip;]\" \/>\n<meta property=\"og:url\" content=\"https:\/\/www.tega.es\/ca\/projecte-de-escissio-parcial-financera\/\" \/>\n<meta property=\"og:site_name\" content=\"Tega Gesti\u00f3n Ambiental\" \/>\n<meta name=\"twitter:card\" content=\"summary_large_image\" \/>\n<meta name=\"twitter:label1\" content=\"Temps estimat de lectura\" \/>\n\t<meta name=\"twitter:data1\" content=\"3 minuts\" \/>\n<script type=\"application\/ld+json\" class=\"yoast-schema-graph\">{\"@context\":\"https:\/\/schema.org\",\"@graph\":[{\"@type\":\"WebPage\",\"@id\":\"https:\/\/www.tega.es\/ca\/projecte-de-escissio-parcial-financera\/\",\"url\":\"https:\/\/www.tega.es\/ca\/projecte-de-escissio-parcial-financera\/\",\"name\":\"Projecte-de-escissi\u00f3-parcial-financera - Tega Gesti\u00f3n Ambiental\",\"isPartOf\":{\"@id\":\"https:\/\/www.tega.es\/ca\/#website\"},\"datePublished\":\"2026-04-21T18:25:53+00:00\",\"breadcrumb\":{\"@id\":\"https:\/\/www.tega.es\/ca\/projecte-de-escissio-parcial-financera\/#breadcrumb\"},\"inLanguage\":\"ca\",\"potentialAction\":[{\"@type\":\"ReadAction\",\"target\":[\"https:\/\/www.tega.es\/ca\/projecte-de-escissio-parcial-financera\/\"]}]},{\"@type\":\"BreadcrumbList\",\"@id\":\"https:\/\/www.tega.es\/ca\/projecte-de-escissio-parcial-financera\/#breadcrumb\",\"itemListElement\":[{\"@type\":\"ListItem\",\"position\":1,\"name\":\"Portada\",\"item\":\"https:\/\/www.tega.es\/ca\/\"},{\"@type\":\"ListItem\",\"position\":2,\"name\":\"Projecte-de-escissi\u00f3-parcial-financera\"}]},{\"@type\":\"WebSite\",\"@id\":\"https:\/\/www.tega.es\/ca\/#website\",\"url\":\"https:\/\/www.tega.es\/ca\/\",\"name\":\"Tega Gesti\u00f3n Ambiental\",\"description\":\"Tratamiento y gesti\u00f3n de residuos\",\"publisher\":{\"@id\":\"https:\/\/www.tega.es\/ca\/#organization\"},\"potentialAction\":[{\"@type\":\"SearchAction\",\"target\":{\"@type\":\"EntryPoint\",\"urlTemplate\":\"https:\/\/www.tega.es\/ca\/?s={search_term_string}\"},\"query-input\":{\"@type\":\"PropertyValueSpecification\",\"valueRequired\":true,\"valueName\":\"search_term_string\"}}],\"inLanguage\":\"ca\"},{\"@type\":\"Organization\",\"@id\":\"https:\/\/www.tega.es\/ca\/#organization\",\"name\":\"TEGA\",\"url\":\"https:\/\/www.tega.es\/ca\/\",\"logo\":{\"@type\":\"ImageObject\",\"inLanguage\":\"ca\",\"@id\":\"https:\/\/www.tega.es\/ca\/#\/schema\/logo\/image\/\",\"url\":\"https:\/\/www.tega.es\/wp-content\/uploads\/2022\/02\/Logo_tega_ambiental.png\",\"contentUrl\":\"https:\/\/www.tega.es\/wp-content\/uploads\/2022\/02\/Logo_tega_ambiental.png\",\"width\":521,\"height\":192,\"caption\":\"TEGA\"},\"image\":{\"@id\":\"https:\/\/www.tega.es\/ca\/#\/schema\/logo\/image\/\"}}]}<\/script>\n<!-- \/ Yoast SEO plugin. -->","yoast_head_json":{"title":"Projecte-de-escissi\u00f3-parcial-financera - Tega Gesti\u00f3n Ambiental","robots":{"index":"index","follow":"follow","max-snippet":"max-snippet:-1","max-image-preview":"max-image-preview:large","max-video-preview":"max-video-preview:-1"},"canonical":"https:\/\/www.tega.es\/ca\/projecte-de-escissio-parcial-financera\/","og_locale":"ca_ES","og_type":"article","og_title":"Projecte-de-escissi\u00f3-parcial-financera - Tega Gesti\u00f3n Ambiental","og_description":"Grup Empresarial Tega Projecte d'escissi\u00f3 parcial financera ANUNCI RELATIU AL PROJECTE COM\u00da D'ESCISSI\u00d3 PARCIAL FINANCERAEs fa constar que, amb data 20 d'abril de 2026, els \u00f2rgans d'administraci\u00f3 de\u00a0TEGA GESTI\u00d3 AMBIENTAL, S.L., com a societat escindida, i de\u00a0GRUPO EMPRESARIAL TEGA, S.L., com a societat benefici\u00e0ria, han formulat el Projecte com\u00fa d'escissi\u00f3 parcial financera, que ser\u00e0 sotm\u00e8s [&hellip;]","og_url":"https:\/\/www.tega.es\/ca\/projecte-de-escissio-parcial-financera\/","og_site_name":"Tega Gesti\u00f3n Ambiental","twitter_card":"summary_large_image","twitter_misc":{"Temps estimat de lectura":"3 minuts"},"schema":{"@context":"https:\/\/schema.org","@graph":[{"@type":"WebPage","@id":"https:\/\/www.tega.es\/ca\/projecte-de-escissio-parcial-financera\/","url":"https:\/\/www.tega.es\/ca\/projecte-de-escissio-parcial-financera\/","name":"Projecte-de-escissi\u00f3-parcial-financera - Tega Gesti\u00f3n Ambiental","isPartOf":{"@id":"https:\/\/www.tega.es\/ca\/#website"},"datePublished":"2026-04-21T18:25:53+00:00","breadcrumb":{"@id":"https:\/\/www.tega.es\/ca\/projecte-de-escissio-parcial-financera\/#breadcrumb"},"inLanguage":"ca","potentialAction":[{"@type":"ReadAction","target":["https:\/\/www.tega.es\/ca\/projecte-de-escissio-parcial-financera\/"]}]},{"@type":"BreadcrumbList","@id":"https:\/\/www.tega.es\/ca\/projecte-de-escissio-parcial-financera\/#breadcrumb","itemListElement":[{"@type":"ListItem","position":1,"name":"Portada","item":"https:\/\/www.tega.es\/ca\/"},{"@type":"ListItem","position":2,"name":"Projecte-de-escissi\u00f3-parcial-financera"}]},{"@type":"WebSite","@id":"https:\/\/www.tega.es\/ca\/#website","url":"https:\/\/www.tega.es\/ca\/","name":"Tega Gesti\u00f3n Ambiental","description":"Tratamiento y gesti\u00f3n de residuos","publisher":{"@id":"https:\/\/www.tega.es\/ca\/#organization"},"potentialAction":[{"@type":"SearchAction","target":{"@type":"EntryPoint","urlTemplate":"https:\/\/www.tega.es\/ca\/?s={search_term_string}"},"query-input":{"@type":"PropertyValueSpecification","valueRequired":true,"valueName":"search_term_string"}}],"inLanguage":"ca"},{"@type":"Organization","@id":"https:\/\/www.tega.es\/ca\/#organization","name":"TEGA","url":"https:\/\/www.tega.es\/ca\/","logo":{"@type":"ImageObject","inLanguage":"ca","@id":"https:\/\/www.tega.es\/ca\/#\/schema\/logo\/image\/","url":"https:\/\/www.tega.es\/wp-content\/uploads\/2022\/02\/Logo_tega_ambiental.png","contentUrl":"https:\/\/www.tega.es\/wp-content\/uploads\/2022\/02\/Logo_tega_ambiental.png","width":521,"height":192,"caption":"TEGA"},"image":{"@id":"https:\/\/www.tega.es\/ca\/#\/schema\/logo\/image\/"}}]}},"_links":{"self":[{"href":"https:\/\/www.tega.es\/ca\/wp-json\/wp\/v2\/pages\/107702","targetHints":{"allow":["GET"]}}],"collection":[{"href":"https:\/\/www.tega.es\/ca\/wp-json\/wp\/v2\/pages"}],"about":[{"href":"https:\/\/www.tega.es\/ca\/wp-json\/wp\/v2\/types\/page"}],"author":[{"embeddable":true,"href":"https:\/\/www.tega.es\/ca\/wp-json\/wp\/v2\/users\/1"}],"replies":[{"embeddable":true,"href":"https:\/\/www.tega.es\/ca\/wp-json\/wp\/v2\/comments?post=107702"}],"version-history":[{"count":0,"href":"https:\/\/www.tega.es\/ca\/wp-json\/wp\/v2\/pages\/107702\/revisions"}],"wp:attachment":[{"href":"https:\/\/www.tega.es\/ca\/wp-json\/wp\/v2\/media?parent=107702"}],"curies":[{"name":"wp","href":"https:\/\/api.w.org\/{rel}","templated":true}]}}