{"id":106533,"date":"2022-05-26T16:33:31","date_gmt":"2022-05-26T16:33:31","guid":{"rendered":"http:\/\/jordil3.sg-host.com\/tega-actius-industrials\/serveis-actius-industrials\/"},"modified":"2022-07-13T09:38:09","modified_gmt":"2022-07-13T09:38:09","slug":"serveis-actius-industrials","status":"publish","type":"page","link":"https:\/\/www.tega.es\/ca\/tega-actius-industrials\/serveis-actius-industrials\/","title":{"rendered":"Serveis Actius Industrials"},"content":{"rendered":"<p>[et_pb_section fb_built=&#8221;1&#8243; admin_label=&#8221;Secci\u00f3n Servicios Activos Industriales&#8221; _builder_version=&#8221;4.17.4&#8243; _module_preset=&#8221;default&#8221; global_module=&#8221;106177&#8243; saved_tabs=&#8221;all&#8221; global_colors_info=&#8221;{}&#8221;][et_pb_row _builder_version=&#8221;4.17.4&#8243; _module_preset=&#8221;default&#8221; global_colors_info=&#8221;{}&#8221;][et_pb_column type=&#8221;4_4&#8243; _builder_version=&#8221;4.16&#8243; _module_preset=&#8221;default&#8221; global_colors_info=&#8221;{}&#8221;][et_pb_code admin_label=&#8221;C\u00f3digo Ancla&#8221; module_id=&#8221;servicios&#8221; _builder_version=&#8221;4.17.4&#8243; _module_preset=&#8221;default&#8221; background_color=&#8221;#00A0DF&#8221; custom_margin=&#8221;-340px||390px||false|false&#8221; custom_margin_tablet=&#8221;&#8221; custom_margin_phone=&#8221;0px||0px||false|false&#8221; custom_margin_last_edited=&#8221;on|desktop&#8221; global_colors_info=&#8221;{}&#8221;][\/et_pb_code][et_pb_text _builder_version=&#8221;4.16&#8243; _module_preset=&#8221;default&#8221; header_2_font=&#8221;|800|||||||&#8221; header_2_text_align=&#8221;center&#8221; header_2_font_size=&#8221;30px&#8221; global_colors_info=&#8221;{}&#8221;]<\/p>\n<h2>Els nostres serveis<\/h2>\n<p>[\/et_pb_text][\/et_pb_column][\/et_pb_row][et_pb_row column_structure=&#8221;1_3,1_3,1_3&#8243; _builder_version=&#8221;4.16&#8243; _module_preset=&#8221;default&#8221; global_colors_info=&#8221;{}&#8221;][et_pb_column type=&#8221;1_3&#8243; _builder_version=&#8221;4.16&#8243; _module_preset=&#8221;default&#8221; global_colors_info=&#8221;{}&#8221;][et_pb_image src=&#8221;https:\/\/www.tega.es\/wp-content\/uploads\/2022\/06\/TEGA-compra-venta-maquinaria3.jpg&#8221; alt=&#8221;Tega Compravenda de maquin\u00e0ria industrial&#8221; title_text=&#8221;Tega Compravenda de maquin\u00e0ria industrial&#8221; align_tablet=&#8221;&#8221; align_phone=&#8221;center&#8221; align_last_edited=&#8221;on|phone&#8221; _builder_version=&#8221;4.17.4&#8243; _module_preset=&#8221;default&#8221; global_colors_info=&#8221;{}&#8221;][\/et_pb_image][et_pb_text _builder_version=&#8221;4.17.4&#8243; _module_preset=&#8221;default&#8221; custom_margin=&#8221;||20px||false|false&#8221; text_orientation_tablet=&#8221;&#8221; text_orientation_phone=&#8221;center&#8221; text_orientation_last_edited=&#8221;on|phone&#8221; global_colors_info=&#8221;{}&#8221;]<\/p>\n<h3>Compravenda de maquin\u00e0ria<\/h3>\n<p>La pres\u00e8ncia de TEGA al sector industrial com a empresa especialitzada en compravenda \u2026[\/et_pb_text][et_pb_button button_url=&#8221;@ET-DC@eyJkeW5hbWljIjp0cnVlLCJjb250ZW50IjoicG9zdF9saW5rX3VybF9wYWdlIiwic2V0dGluZ3MiOnsicG9zdF9pZCI6IjEwNjE2MiJ9fQ==@&#8221; button_text=&#8221; Informa&#8217;t&#8221; button_alignment=&#8221;center&#8221; _builder_version=&#8221;4.17.4&#8243; _dynamic_attributes=&#8221;button_url&#8221; _module_preset=&#8221;default&#8221; custom_button=&#8221;on&#8221; button_text_size=&#8221;16px&#8221; button_text_color=&#8221;#00A0DF&#8221; button_border_color=&#8221;#00A0DF&#8221; custom_margin=&#8221;0px||||false|false&#8221; global_colors_info=&#8221;{}&#8221;][\/et_pb_button][\/et_pb_column][et_pb_column type=&#8221;1_3&#8243; _builder_version=&#8221;4.16&#8243; _module_preset=&#8221;default&#8221; global_colors_info=&#8221;{}&#8221;][et_pb_image src=&#8221;https:\/\/www.tega.es\/wp-content\/uploads\/2022\/06\/TEGA-valoracion-metales4.jpg&#8221; alt=&#8221;Tega Valoraci\u00f3n de metales&#8221; title_text=&#8221;Tega Valoraci\u00f3n de metalesTEGA-valoracion-metales4&#8243; align_tablet=&#8221;&#8221; align_phone=&#8221;center&#8221; align_last_edited=&#8221;on|phone&#8221; _builder_version=&#8221;4.17.4&#8243; _module_preset=&#8221;default&#8221; global_colors_info=&#8221;{}&#8221;][\/et_pb_image][et_pb_text _builder_version=&#8221;4.17.4&#8243; _module_preset=&#8221;default&#8221; custom_margin=&#8221;||20px||false|false&#8221; text_orientation_tablet=&#8221;&#8221; text_orientation_phone=&#8221;center&#8221; text_orientation_last_edited=&#8221;on|phone&#8221; global_colors_info=&#8221;{}&#8221;]<\/p>\n<h3>Valoraci\u00f3 de metalls<\/h3>\n<p>Transport, gesti\u00f3 i eliminaci\u00f3 de residus industrials. Reciclatge i recuperaci\u00f3 \u2026[\/et_pb_text][et_pb_button button_url=&#8221;@ET-DC@eyJkeW5hbWljIjp0cnVlLCJjb250ZW50IjoicG9zdF9saW5rX3VybF9wYWdlIiwic2V0dGluZ3MiOnsicG9zdF9pZCI6IjEwNjExMSJ9fQ==@&#8221; button_text=&#8221; Informa&#8217;t&#8221; button_alignment=&#8221;center&#8221; _builder_version=&#8221;4.17.5&#8243; _dynamic_attributes=&#8221;button_url&#8221; _module_preset=&#8221;default&#8221; custom_button=&#8221;on&#8221; button_text_size=&#8221;16px&#8221; button_text_color=&#8221;#00A0DF&#8221; button_border_color=&#8221;#00A0DF&#8221; custom_margin=&#8221;0px||||false|false&#8221; hover_enabled=&#8221;0&#8243; global_colors_info=&#8221;{}&#8221; sticky_enabled=&#8221;0&#8243;][\/et_pb_button][\/et_pb_column][et_pb_column type=&#8221;1_3&#8243; _builder_version=&#8221;4.16&#8243; _module_preset=&#8221;default&#8221; global_colors_info=&#8221;{}&#8221;][et_pb_image src=&#8221;https:\/\/www.tega.es\/wp-content\/uploads\/2022\/06\/TEGA-regeneracion-aceites-industriales1.jpg&#8221; alt=&#8221;TEGA- regeneraci\u00f3n aceites industriales&#8221; title_text=&#8221;TEGA- regeneraci\u00f3n aceites industriales&#8221; align=&#8221;center&#8221; _builder_version=&#8221;4.17.4&#8243; _module_preset=&#8221;default&#8221; global_colors_info=&#8221;{}&#8221;][\/et_pb_image][et_pb_text _builder_version=&#8221;4.17.4&#8243; _module_preset=&#8221;default&#8221; custom_margin=&#8221;||20px||false|false&#8221; text_orientation_tablet=&#8221;&#8221; text_orientation_phone=&#8221;center&#8221; text_orientation_last_edited=&#8221;on|phone&#8221; global_colors_info=&#8221;{}&#8221;]<\/p>\n<h3>Regeneraci\u00f3 d&#8217;olis<\/h3>\n<p>La regeneraci\u00f3 \u00e9s l&#8217;\u00fanica via de valoraci\u00f3 sostenible de l&#8217;oli usat \u2026.[\/et_pb_text][et_pb_button button_url=&#8221;@ET-DC@eyJkeW5hbWljIjp0cnVlLCJjb250ZW50IjoicG9zdF9saW5rX3VybF9wYWdlIiwic2V0dGluZ3MiOnsicG9zdF9pZCI6IjEwNjE0OCJ9fQ==@&#8221; button_text=&#8221; Informa&#8217;t&#8221; button_alignment=&#8221;center&#8221; _builder_version=&#8221;4.17.4&#8243; _dynamic_attributes=&#8221;button_url&#8221; _module_preset=&#8221;default&#8221; custom_button=&#8221;on&#8221; button_text_size=&#8221;16px&#8221; button_text_color=&#8221;#00A0DF&#8221; button_border_color=&#8221;#00A0DF&#8221; custom_margin=&#8221;0px||||false|false&#8221; global_colors_info=&#8221;{}&#8221;][\/et_pb_button][\/et_pb_column][\/et_pb_row][et_pb_row column_structure=&#8221;1_3,1_3,1_3&#8243; _builder_version=&#8221;4.16&#8243; _module_preset=&#8221;default&#8221; global_colors_info=&#8221;{}&#8221;][et_pb_column type=&#8221;1_3&#8243; _builder_version=&#8221;4.16&#8243; _module_preset=&#8221;default&#8221; global_colors_info=&#8221;{}&#8221;][et_pb_image src=&#8221;https:\/\/www.tega.es\/wp-content\/uploads\/2022\/03\/Asesoramiento-Tega-2.jpg&#8221; alt=&#8221;Asesoramiento TEGA&#8221; title_text=&#8221;Asesoramiento TEGA-2&#8243; align_tablet=&#8221;&#8221; align_phone=&#8221;center&#8221; align_last_edited=&#8221;on|phone&#8221; _builder_version=&#8221;4.17.4&#8243; _module_preset=&#8221;default&#8221; global_colors_info=&#8221;{}&#8221;][\/et_pb_image][et_pb_text _builder_version=&#8221;4.17.4&#8243; _module_preset=&#8221;default&#8221; custom_margin=&#8221;||20px||false|false&#8221; text_orientation_tablet=&#8221;&#8221; text_orientation_phone=&#8221;center&#8221; text_orientation_last_edited=&#8221;on|phone&#8221; global_colors_info=&#8221;{}&#8221;]<\/p>\n<h3>Assessorament<\/h3>\n<p>Deixeu-vos aconsellar pel nostre equip mediambiental. Us identificarem els seus \u2026[\/et_pb_text][et_pb_button button_url=&#8221;@ET-DC@eyJkeW5hbWljIjp0cnVlLCJjb250ZW50IjoicG9zdF9saW5rX3VybF9wYWdlIiwic2V0dGluZ3MiOnsicG9zdF9pZCI6IjEwNjE1NiJ9fQ==@&#8221; button_text=&#8221; Informa&#8217;t&#8221; button_alignment=&#8221;center&#8221; _builder_version=&#8221;4.17.4&#8243; _dynamic_attributes=&#8221;button_url&#8221; _module_preset=&#8221;default&#8221; custom_button=&#8221;on&#8221; button_text_size=&#8221;16px&#8221; button_text_color=&#8221;#00A0DF&#8221; button_border_color=&#8221;#00A0DF&#8221; custom_margin=&#8221;0px||||false|false&#8221; global_colors_info=&#8221;{}&#8221;][\/et_pb_button][\/et_pb_column][et_pb_column type=&#8221;1_3&#8243; _builder_version=&#8221;4.16&#8243; _module_preset=&#8221;default&#8221; global_colors_info=&#8221;{}&#8221;][et_pb_image src=&#8221;https:\/\/www.tega.es\/wp-content\/uploads\/2022\/06\/TEGA-baja_vehiculos3.jpg&#8221; alt=&#8221;TEGA baja_vehiculos&#8221; title_text=&#8221;TEGA baja_vehiculos&#8221; align_tablet=&#8221;&#8221; align_phone=&#8221;center&#8221; align_last_edited=&#8221;on|phone&#8221; _builder_version=&#8221;4.17.4&#8243; _module_preset=&#8221;default&#8221; global_colors_info=&#8221;{}&#8221;][\/et_pb_image][et_pb_text _builder_version=&#8221;4.17.4&#8243; _module_preset=&#8221;default&#8221; custom_margin=&#8221;||20px||false|false&#8221; text_orientation_tablet=&#8221;&#8221; text_orientation_phone=&#8221;center&#8221; text_orientation_last_edited=&#8221;on|phone&#8221; global_colors_info=&#8221;{}&#8221;]<\/p>\n<h3>Baixa de vehicles<\/h3>\n<p>TEGA disposa de les autoritzacions necess\u00e0ries, pel departament de Medi \u2026[\/et_pb_text][et_pb_button button_url=&#8221;@ET-DC@eyJkeW5hbWljIjp0cnVlLCJjb250ZW50IjoicG9zdF9saW5rX3VybF9wYWdlIiwic2V0dGluZ3MiOnsicG9zdF9pZCI6IjEwNjE3MCJ9fQ==@&#8221; button_text=&#8221; Informa&#8217;t&#8221; button_alignment=&#8221;center&#8221; _builder_version=&#8221;4.17.4&#8243; _dynamic_attributes=&#8221;button_url&#8221; _module_preset=&#8221;default&#8221; custom_button=&#8221;on&#8221; button_text_size=&#8221;16px&#8221; button_text_color=&#8221;#00A0DF&#8221; button_border_color=&#8221;#00A0DF&#8221; custom_margin=&#8221;0px||||false|false&#8221; global_colors_info=&#8221;{}&#8221;][\/et_pb_button][\/et_pb_column][et_pb_column type=&#8221;1_3&#8243; _builder_version=&#8221;4.16&#8243; _module_preset=&#8221;default&#8221; global_colors_info=&#8221;{}&#8221;][et_pb_image src=&#8221;https:\/\/www.tega.es\/wp-content\/uploads\/2022\/06\/TEGA-desmantelamientos2.jpg&#8221; alt=&#8221;Tega desmantelamientos industriales&#8221; title_text=&#8221;Tega desmantelamientos industrialesTEGA-desmantelamientos2&#8243; align=&#8221;center&#8221; _builder_version=&#8221;4.17.4&#8243; _module_preset=&#8221;default&#8221; global_colors_info=&#8221;{}&#8221;][\/et_pb_image][et_pb_text _builder_version=&#8221;4.17.4&#8243; _module_preset=&#8221;default&#8221; custom_margin=&#8221;||20px||false|false&#8221; text_orientation_tablet=&#8221;&#8221; text_orientation_phone=&#8221;center&#8221; text_orientation_last_edited=&#8221;on|phone&#8221; global_colors_info=&#8221;{}&#8221;]<\/p>\n<h3>Desmantellaments<\/h3>\n<p>Desmantellament integral o parcial d\u00b4instal\u00b7lacions industrials \u2026[\/et_pb_text][et_pb_button button_url=&#8221;@ET-DC@eyJkeW5hbWljIjp0cnVlLCJjb250ZW50IjoicG9zdF9saW5rX3VybF9wYWdlIiwic2V0dGluZ3MiOnsicG9zdF9pZCI6IjEwNjE1MiJ9fQ==@&#8221; button_text=&#8221; Informa&#8217;t&#8221; button_alignment=&#8221;center&#8221; _builder_version=&#8221;4.17.4&#8243; _dynamic_attributes=&#8221;button_url&#8221; _module_preset=&#8221;default&#8221; custom_button=&#8221;on&#8221; button_text_size=&#8221;16px&#8221; button_text_color=&#8221;#00A0DF&#8221; button_border_color=&#8221;#00A0DF&#8221; custom_margin=&#8221;0px||||false|false&#8221; global_colors_info=&#8221;{}&#8221;][\/et_pb_button][\/et_pb_column][\/et_pb_row][\/et_pb_section]<\/p>\n","protected":false},"excerpt":{"rendered":"<p>Els nostres serveisCompravenda de maquin\u00e0ria La pres\u00e8ncia de TEGA al sector industrial com a empresa especialitzada en compravenda \u2026Valoraci\u00f3 de metalls Transport, gesti\u00f3 i eliminaci\u00f3 de residus industrials. Reciclatge i recuperaci\u00f3 \u2026Regeneraci\u00f3 d&#8217;olis La regeneraci\u00f3 \u00e9s l&#8217;\u00fanica via de valoraci\u00f3 sostenible de l&#8217;oli usat \u2026.Assessorament Deixeu-vos aconsellar pel nostre equip mediambiental. Us identificarem els seus [&hellip;]<\/p>\n","protected":false},"author":2,"featured_media":0,"parent":106521,"menu_order":0,"comment_status":"closed","ping_status":"closed","template":"","meta":{"_et_pb_use_builder":"on","_et_pb_old_content":"","_et_gb_content_width":"","footnotes":""},"class_list":["post-106533","page","type-page","status-publish","hentry"],"yoast_head":"<!-- This site is optimized with the Yoast SEO plugin v25.0 - https:\/\/yoast.com\/wordpress\/plugins\/seo\/ -->\n<title>Serveis Actius Industrials - Tega Gesti\u00f3n Ambiental<\/title>\n<meta name=\"robots\" content=\"index, follow, max-snippet:-1, max-image-preview:large, max-video-preview:-1\" \/>\n<link rel=\"canonical\" href=\"https:\/\/www.tega.es\/ca\/tega-actius-industrials\/serveis-actius-industrials\/\" \/>\n<meta property=\"og:locale\" content=\"ca_ES\" \/>\n<meta property=\"og:type\" content=\"article\" \/>\n<meta property=\"og:title\" content=\"Serveis Actius Industrials - Tega Gesti\u00f3n Ambiental\" \/>\n<meta property=\"og:description\" content=\"Els nostres serveisCompravenda de maquin\u00e0ria La pres\u00e8ncia de TEGA al sector industrial com a empresa especialitzada en compravenda \u2026Valoraci\u00f3 de metalls Transport, gesti\u00f3 i eliminaci\u00f3 de residus industrials. Reciclatge i recuperaci\u00f3 \u2026Regeneraci\u00f3 d&#039;olis La regeneraci\u00f3 \u00e9s l&#039;\u00fanica via de valoraci\u00f3 sostenible de l&#039;oli usat \u2026.Assessorament Deixeu-vos aconsellar pel nostre equip mediambiental. Us identificarem els seus [&hellip;]\" \/>\n<meta property=\"og:url\" content=\"https:\/\/www.tega.es\/ca\/tega-actius-industrials\/serveis-actius-industrials\/\" \/>\n<meta property=\"og:site_name\" content=\"Tega Gesti\u00f3n Ambiental\" \/>\n<meta property=\"article:modified_time\" content=\"2022-07-13T09:38:09+00:00\" \/>\n<meta name=\"twitter:card\" content=\"summary_large_image\" \/>\n<meta name=\"twitter:label1\" content=\"Temps estimat de lectura\" \/>\n\t<meta name=\"twitter:data1\" content=\"6 minuts\" \/>\n<script type=\"application\/ld+json\" class=\"yoast-schema-graph\">{\"@context\":\"https:\/\/schema.org\",\"@graph\":[{\"@type\":\"WebPage\",\"@id\":\"https:\/\/www.tega.es\/ca\/tega-actius-industrials\/serveis-actius-industrials\/\",\"url\":\"https:\/\/www.tega.es\/ca\/tega-actius-industrials\/serveis-actius-industrials\/\",\"name\":\"Serveis Actius Industrials - Tega Gesti\u00f3n Ambiental\",\"isPartOf\":{\"@id\":\"https:\/\/www.tega.es\/ca\/#website\"},\"datePublished\":\"2022-05-26T16:33:31+00:00\",\"dateModified\":\"2022-07-13T09:38:09+00:00\",\"breadcrumb\":{\"@id\":\"https:\/\/www.tega.es\/ca\/tega-actius-industrials\/serveis-actius-industrials\/#breadcrumb\"},\"inLanguage\":\"ca\",\"potentialAction\":[{\"@type\":\"ReadAction\",\"target\":[\"https:\/\/www.tega.es\/ca\/tega-actius-industrials\/serveis-actius-industrials\/\"]}]},{\"@type\":\"BreadcrumbList\",\"@id\":\"https:\/\/www.tega.es\/ca\/tega-actius-industrials\/serveis-actius-industrials\/#breadcrumb\",\"itemListElement\":[{\"@type\":\"ListItem\",\"position\":1,\"name\":\"Portada\",\"item\":\"https:\/\/www.tega.es\/ca\/\"},{\"@type\":\"ListItem\",\"position\":2,\"name\":\"Tega Actius Industrials\",\"item\":\"https:\/\/www.tega.es\/ca\/tega-activos-industriales\/\"},{\"@type\":\"ListItem\",\"position\":3,\"name\":\"Serveis Actius Industrials\"}]},{\"@type\":\"WebSite\",\"@id\":\"https:\/\/www.tega.es\/ca\/#website\",\"url\":\"https:\/\/www.tega.es\/ca\/\",\"name\":\"Tega Gesti\u00f3n Ambiental\",\"description\":\"Tratamiento y gesti\u00f3n de residuos\",\"publisher\":{\"@id\":\"https:\/\/www.tega.es\/ca\/#organization\"},\"potentialAction\":[{\"@type\":\"SearchAction\",\"target\":{\"@type\":\"EntryPoint\",\"urlTemplate\":\"https:\/\/www.tega.es\/ca\/?s={search_term_string}\"},\"query-input\":{\"@type\":\"PropertyValueSpecification\",\"valueRequired\":true,\"valueName\":\"search_term_string\"}}],\"inLanguage\":\"ca\"},{\"@type\":\"Organization\",\"@id\":\"https:\/\/www.tega.es\/ca\/#organization\",\"name\":\"TEGA\",\"url\":\"https:\/\/www.tega.es\/ca\/\",\"logo\":{\"@type\":\"ImageObject\",\"inLanguage\":\"ca\",\"@id\":\"https:\/\/www.tega.es\/ca\/#\/schema\/logo\/image\/\",\"url\":\"https:\/\/www.tega.es\/wp-content\/uploads\/2022\/02\/Logo_tega_ambiental.png\",\"contentUrl\":\"https:\/\/www.tega.es\/wp-content\/uploads\/2022\/02\/Logo_tega_ambiental.png\",\"width\":521,\"height\":192,\"caption\":\"TEGA\"},\"image\":{\"@id\":\"https:\/\/www.tega.es\/ca\/#\/schema\/logo\/image\/\"}}]}<\/script>\n<!-- \/ Yoast SEO plugin. -->","yoast_head_json":{"title":"Serveis Actius Industrials - Tega Gesti\u00f3n Ambiental","robots":{"index":"index","follow":"follow","max-snippet":"max-snippet:-1","max-image-preview":"max-image-preview:large","max-video-preview":"max-video-preview:-1"},"canonical":"https:\/\/www.tega.es\/ca\/tega-actius-industrials\/serveis-actius-industrials\/","og_locale":"ca_ES","og_type":"article","og_title":"Serveis Actius Industrials - Tega Gesti\u00f3n Ambiental","og_description":"Els nostres serveisCompravenda de maquin\u00e0ria La pres\u00e8ncia de TEGA al sector industrial com a empresa especialitzada en compravenda \u2026Valoraci\u00f3 de metalls Transport, gesti\u00f3 i eliminaci\u00f3 de residus industrials. Reciclatge i recuperaci\u00f3 \u2026Regeneraci\u00f3 d'olis La regeneraci\u00f3 \u00e9s l'\u00fanica via de valoraci\u00f3 sostenible de l'oli usat \u2026.Assessorament Deixeu-vos aconsellar pel nostre equip mediambiental. Us identificarem els seus [&hellip;]","og_url":"https:\/\/www.tega.es\/ca\/tega-actius-industrials\/serveis-actius-industrials\/","og_site_name":"Tega Gesti\u00f3n Ambiental","article_modified_time":"2022-07-13T09:38:09+00:00","twitter_card":"summary_large_image","twitter_misc":{"Temps estimat de lectura":"6 minuts"},"schema":{"@context":"https:\/\/schema.org","@graph":[{"@type":"WebPage","@id":"https:\/\/www.tega.es\/ca\/tega-actius-industrials\/serveis-actius-industrials\/","url":"https:\/\/www.tega.es\/ca\/tega-actius-industrials\/serveis-actius-industrials\/","name":"Serveis Actius Industrials - Tega Gesti\u00f3n Ambiental","isPartOf":{"@id":"https:\/\/www.tega.es\/ca\/#website"},"datePublished":"2022-05-26T16:33:31+00:00","dateModified":"2022-07-13T09:38:09+00:00","breadcrumb":{"@id":"https:\/\/www.tega.es\/ca\/tega-actius-industrials\/serveis-actius-industrials\/#breadcrumb"},"inLanguage":"ca","potentialAction":[{"@type":"ReadAction","target":["https:\/\/www.tega.es\/ca\/tega-actius-industrials\/serveis-actius-industrials\/"]}]},{"@type":"BreadcrumbList","@id":"https:\/\/www.tega.es\/ca\/tega-actius-industrials\/serveis-actius-industrials\/#breadcrumb","itemListElement":[{"@type":"ListItem","position":1,"name":"Portada","item":"https:\/\/www.tega.es\/ca\/"},{"@type":"ListItem","position":2,"name":"Tega Actius Industrials","item":"https:\/\/www.tega.es\/ca\/tega-activos-industriales\/"},{"@type":"ListItem","position":3,"name":"Serveis Actius Industrials"}]},{"@type":"WebSite","@id":"https:\/\/www.tega.es\/ca\/#website","url":"https:\/\/www.tega.es\/ca\/","name":"Tega Gesti\u00f3n Ambiental","description":"Tratamiento y gesti\u00f3n de residuos","publisher":{"@id":"https:\/\/www.tega.es\/ca\/#organization"},"potentialAction":[{"@type":"SearchAction","target":{"@type":"EntryPoint","urlTemplate":"https:\/\/www.tega.es\/ca\/?s={search_term_string}"},"query-input":{"@type":"PropertyValueSpecification","valueRequired":true,"valueName":"search_term_string"}}],"inLanguage":"ca"},{"@type":"Organization","@id":"https:\/\/www.tega.es\/ca\/#organization","name":"TEGA","url":"https:\/\/www.tega.es\/ca\/","logo":{"@type":"ImageObject","inLanguage":"ca","@id":"https:\/\/www.tega.es\/ca\/#\/schema\/logo\/image\/","url":"https:\/\/www.tega.es\/wp-content\/uploads\/2022\/02\/Logo_tega_ambiental.png","contentUrl":"https:\/\/www.tega.es\/wp-content\/uploads\/2022\/02\/Logo_tega_ambiental.png","width":521,"height":192,"caption":"TEGA"},"image":{"@id":"https:\/\/www.tega.es\/ca\/#\/schema\/logo\/image\/"}}]}},"_links":{"self":[{"href":"https:\/\/www.tega.es\/ca\/wp-json\/wp\/v2\/pages\/106533","targetHints":{"allow":["GET"]}}],"collection":[{"href":"https:\/\/www.tega.es\/ca\/wp-json\/wp\/v2\/pages"}],"about":[{"href":"https:\/\/www.tega.es\/ca\/wp-json\/wp\/v2\/types\/page"}],"author":[{"embeddable":true,"href":"https:\/\/www.tega.es\/ca\/wp-json\/wp\/v2\/users\/2"}],"replies":[{"embeddable":true,"href":"https:\/\/www.tega.es\/ca\/wp-json\/wp\/v2\/comments?post=106533"}],"version-history":[{"count":4,"href":"https:\/\/www.tega.es\/ca\/wp-json\/wp\/v2\/pages\/106533\/revisions"}],"predecessor-version":[{"id":107285,"href":"https:\/\/www.tega.es\/ca\/wp-json\/wp\/v2\/pages\/106533\/revisions\/107285"}],"up":[{"embeddable":true,"href":"https:\/\/www.tega.es\/ca\/wp-json\/wp\/v2\/pages\/106521"}],"wp:attachment":[{"href":"https:\/\/www.tega.es\/ca\/wp-json\/wp\/v2\/media?parent=106533"}],"curies":[{"name":"wp","href":"https:\/\/api.w.org\/{rel}","templated":true}]}}